{"id":1189,"date":"2020-09-13T14:26:07","date_gmt":"2020-09-13T14:26:07","guid":{"rendered":"http:\/\/laboticapharmacy.net\/?page_id=1189"},"modified":"2020-09-16T06:09:13","modified_gmt":"2020-09-16T06:09:13","slug":"new-clients","status":"publish","type":"page","link":"https:\/\/laboticapharmacy.net\/es\/new-clients\/","title":{"rendered":"Nuevos clientes"},"content":{"rendered":"<div class=\"vc_row wpb_row vc_row-fluid\"><div class=\"wpb_column vc_column_container vc_col-sm-8\"><div class=\"vc_column-inner\"><div class=\"wpb_wrapper\">\n\t<div class=\"wpb_text_column wpb_content_element\" >\n\t\t<div class=\"wpb_wrapper\">\n\t\t\t<p>\u00a1Nos encantan los nuevos clientes en La Botica Pharmacy! Ofrecemos una amplia variedad de medicamentos recetados y de venta libre para satisfacer sus necesidades y preferencias \u00fanicas. Si hay algo que no tenemos, estaremos encantados de pedirlo.<\/p>\n<p>Entendemos que tiene muchas opciones al elegir una farmacia para surtir sus recetas y queremos que sepa que el servicio al cliente y el conocimiento del paciente son nuestras principales prioridades. Siempre ser\u00e1 recibido con una sonrisa por uno de nuestros expertos miembros del personal o farmac\u00e9uticos, y hacemos un esfuerzo adicional para asegurarnos de que comprenda c\u00f3mo y cu\u00e1ndo tomar su medicamento.<\/p>\n<p>Si tiene preguntas sobre c\u00f3mo surtir sus recetas con nosotros, ll\u00e1menos al <a href=\"tel:(760) 296-3468\">(760) 296-3468<\/a>y con gusto responderemos cualquier pregunta que tenga. Si ya est\u00e1 surtiendo una receta en otra farmacia, lo ayudaremos a transferir sus medicamentos para que no haya interrupciones en la cobertura.<\/p>\n\n\t\t<\/div>\n\t<\/div>\n<\/div><\/div><\/div><div class=\"wpb_column vc_column_container vc_col-sm-4\"><div class=\"vc_column-inner\"><div class=\"wpb_wrapper\">\n\t<div  class=\"wpb_single_image wpb_content_element vc_align_left  wpb_animate_when_almost_visible wpb_fadeInUp fadeInUp\">\n\t\t\n\t\t<figure class=\"wpb_wrapper vc_figure\">\n\t\t\t<div class=\"vc_single_image-wrapper vc_box_shadow  vc_box_border_grey\"><img loading=\"lazy\" decoding=\"async\" width=\"2560\" height=\"1709\" src=\"https:\/\/laboticapharmacy.net\/wp-content\/uploads\/2020\/09\/2630-scaled.jpg\" class=\"vc_single_image-img attachment-full\" alt=\"\" srcset=\"https:\/\/laboticapharmacy.net\/wp-content\/uploads\/2020\/09\/2630-scaled.jpg 2560w, https:\/\/laboticapharmacy.net\/wp-content\/uploads\/2020\/09\/2630-300x200.jpg 300w, https:\/\/laboticapharmacy.net\/wp-content\/uploads\/2020\/09\/2630-1024x684.jpg 1024w, https:\/\/laboticapharmacy.net\/wp-content\/uploads\/2020\/09\/2630-768x513.jpg 768w, https:\/\/laboticapharmacy.net\/wp-content\/uploads\/2020\/09\/2630-1536x1025.jpg 1536w, https:\/\/laboticapharmacy.net\/wp-content\/uploads\/2020\/09\/2630-2048x1367.jpg 2048w, https:\/\/laboticapharmacy.net\/wp-content\/uploads\/2020\/09\/2630-600x401.jpg 600w\" sizes=\"auto, (max-width: 2560px) 100vw, 2560px\" \/><\/div>\n\t\t<\/figure>\n\t<\/div>\n<\/div><\/div><\/div><\/div>","protected":false},"excerpt":{"rendered":"We love new clients at La Botica Pharmacy! We offer a wide variety of prescriptions and over the counter medications","protected":false},"author":1,"featured_media":0,"parent":0,"menu_order":0,"comment_status":"closed","ping_status":"closed","template":"","meta":{"footnotes":""},"class_list":["post-1189","page","type-page","status-publish","hentry"],"yoast_head":"<!-- This site is optimized with the Yoast SEO plugin v27.3 - https:\/\/yoast.com\/product\/yoast-seo-wordpress\/ -->\n<title>New Clients - La Botica Pharmacy<\/title>\n<meta name=\"robots\" content=\"index, follow, max-snippet:-1, max-image-preview:large, max-video-preview:-1\" \/>\n<link rel=\"canonical\" href=\"https:\/\/laboticapharmacy.net\/es\/new-clients\/\" \/>\n<meta property=\"og:locale\" content=\"es_ES\" \/>\n<meta property=\"og:type\" content=\"article\" \/>\n<meta property=\"og:title\" content=\"New Clients - La Botica Pharmacy\" \/>\n<meta property=\"og:url\" content=\"https:\/\/laboticapharmacy.net\/es\/new-clients\/\" \/>\n<meta property=\"og:site_name\" content=\"La Botica Pharmacy\" \/>\n<meta property=\"article:modified_time\" content=\"2020-09-16T06:09:13+00:00\" \/>\n<meta name=\"twitter:card\" content=\"summary_large_image\" \/>\n<meta name=\"twitter:label1\" content=\"Tiempo de lectura\" \/>\n\t<meta name=\"twitter:data1\" content=\"1 minuto\" \/>\n<script type=\"application\/ld+json\" class=\"yoast-schema-graph\">{\"@context\":\"https:\\\/\\\/schema.org\",\"@graph\":[{\"@type\":\"WebPage\",\"@id\":\"https:\\\/\\\/laboticapharmacy.net\\\/en\\\/new-clients\\\/\",\"url\":\"https:\\\/\\\/laboticapharmacy.net\\\/en\\\/new-clients\\\/\",\"name\":\"New Clients - La Botica Pharmacy\",\"isPartOf\":{\"@id\":\"https:\\\/\\\/laboticapharmacy.net\\\/en\\\/#website\"},\"datePublished\":\"2020-09-13T14:26:07+00:00\",\"dateModified\":\"2020-09-16T06:09:13+00:00\",\"breadcrumb\":{\"@id\":\"https:\\\/\\\/laboticapharmacy.net\\\/en\\\/new-clients\\\/#breadcrumb\"},\"inLanguage\":\"es\",\"potentialAction\":[{\"@type\":\"ReadAction\",\"target\":[\"https:\\\/\\\/laboticapharmacy.net\\\/en\\\/new-clients\\\/\"]}]},{\"@type\":\"BreadcrumbList\",\"@id\":\"https:\\\/\\\/laboticapharmacy.net\\\/en\\\/new-clients\\\/#breadcrumb\",\"itemListElement\":[{\"@type\":\"ListItem\",\"position\":1,\"name\":\"Home\",\"item\":\"https:\\\/\\\/laboticapharmacy.net\\\/\"},{\"@type\":\"ListItem\",\"position\":2,\"name\":\"New Clients\"}]},{\"@type\":\"WebSite\",\"@id\":\"https:\\\/\\\/laboticapharmacy.net\\\/en\\\/#website\",\"url\":\"https:\\\/\\\/laboticapharmacy.net\\\/en\\\/\",\"name\":\"La Botica Pharmacy\",\"description\":\"Pharmacy in Coachella\",\"potentialAction\":[{\"@type\":\"SearchAction\",\"target\":{\"@type\":\"EntryPoint\",\"urlTemplate\":\"https:\\\/\\\/laboticapharmacy.net\\\/en\\\/?s={search_term_string}\"},\"query-input\":{\"@type\":\"PropertyValueSpecification\",\"valueRequired\":true,\"valueName\":\"search_term_string\"}}],\"inLanguage\":\"es\"}]}<\/script>\n<!-- \/ Yoast SEO plugin. -->","yoast_head_json":{"title":"New Clients - La Botica Pharmacy","robots":{"index":"index","follow":"follow","max-snippet":"max-snippet:-1","max-image-preview":"max-image-preview:large","max-video-preview":"max-video-preview:-1"},"canonical":"https:\/\/laboticapharmacy.net\/es\/new-clients\/","og_locale":"es_ES","og_type":"article","og_title":"New Clients - La Botica Pharmacy","og_url":"https:\/\/laboticapharmacy.net\/es\/new-clients\/","og_site_name":"La Botica Pharmacy","article_modified_time":"2020-09-16T06:09:13+00:00","twitter_card":"summary_large_image","twitter_misc":{"Tiempo de lectura":"1 minuto"},"schema":{"@context":"https:\/\/schema.org","@graph":[{"@type":"WebPage","@id":"https:\/\/laboticapharmacy.net\/en\/new-clients\/","url":"https:\/\/laboticapharmacy.net\/en\/new-clients\/","name":"New Clients - La Botica Pharmacy","isPartOf":{"@id":"https:\/\/laboticapharmacy.net\/en\/#website"},"datePublished":"2020-09-13T14:26:07+00:00","dateModified":"2020-09-16T06:09:13+00:00","breadcrumb":{"@id":"https:\/\/laboticapharmacy.net\/en\/new-clients\/#breadcrumb"},"inLanguage":"es","potentialAction":[{"@type":"ReadAction","target":["https:\/\/laboticapharmacy.net\/en\/new-clients\/"]}]},{"@type":"BreadcrumbList","@id":"https:\/\/laboticapharmacy.net\/en\/new-clients\/#breadcrumb","itemListElement":[{"@type":"ListItem","position":1,"name":"Home","item":"https:\/\/laboticapharmacy.net\/"},{"@type":"ListItem","position":2,"name":"New Clients"}]},{"@type":"WebSite","@id":"https:\/\/laboticapharmacy.net\/en\/#website","url":"https:\/\/laboticapharmacy.net\/en\/","name":"Farmacia La Botica","description":"Pharmacy in Coachella","potentialAction":[{"@type":"SearchAction","target":{"@type":"EntryPoint","urlTemplate":"https:\/\/laboticapharmacy.net\/en\/?s={search_term_string}"},"query-input":{"@type":"PropertyValueSpecification","valueRequired":true,"valueName":"search_term_string"}}],"inLanguage":"es"}]}},"_links":{"self":[{"href":"https:\/\/laboticapharmacy.net\/es\/wp-json\/wp\/v2\/pages\/1189","targetHints":{"allow":["GET"]}}],"collection":[{"href":"https:\/\/laboticapharmacy.net\/es\/wp-json\/wp\/v2\/pages"}],"about":[{"href":"https:\/\/laboticapharmacy.net\/es\/wp-json\/wp\/v2\/types\/page"}],"author":[{"embeddable":true,"href":"https:\/\/laboticapharmacy.net\/es\/wp-json\/wp\/v2\/users\/1"}],"replies":[{"embeddable":true,"href":"https:\/\/laboticapharmacy.net\/es\/wp-json\/wp\/v2\/comments?post=1189"}],"version-history":[{"count":4,"href":"https:\/\/laboticapharmacy.net\/es\/wp-json\/wp\/v2\/pages\/1189\/revisions"}],"predecessor-version":[{"id":1322,"href":"https:\/\/laboticapharmacy.net\/es\/wp-json\/wp\/v2\/pages\/1189\/revisions\/1322"}],"wp:attachment":[{"href":"https:\/\/laboticapharmacy.net\/es\/wp-json\/wp\/v2\/media?parent=1189"}],"curies":[{"name":"wp","href":"https:\/\/api.w.org\/{rel}","templated":true}]}}