{"id":1464,"date":"2025-07-07T17:19:16","date_gmt":"2025-07-07T17:19:16","guid":{"rendered":"https:\/\/laboticapharmacy.net\/?page_id=1464"},"modified":"2025-07-07T17:19:17","modified_gmt":"2025-07-07T17:19:17","slug":"rite-aid-cerro-en-tu-area-pero-la-botica-pharmacy-esta-aqui-para-ti","status":"publish","type":"page","link":"https:\/\/laboticapharmacy.net\/es\/rite-aid-cerro-en-tu-area-pero-la-botica-pharmacy-esta-aqui-para-ti\/","title":{"rendered":"Rite Aid cerr\u00f3 en tu \u00e1rea pero La Botica Pharmacy est\u00e1 aqu\u00ed para ti"},"content":{"rendered":"<figure class=\"wp-block-video\"><video height=\"1080\" style=\"aspect-ratio: 1920 \/ 1080;\" width=\"1920\" autoplay controls muted src=\"http:\/\/laboticapharmacy.net\/wp-content\/uploads\/2025\/06\/LA-BOTICA-PHARMACY-30-sec-Spanish-0625.mp4\" playsinline><\/video><\/figure>\n\n\n\n<h2 class=\"wp-block-heading has-text-align-center\"><strong>\u00bfTu farmacia Rite Aid cerr\u00f3 en Coachella o Indio?<\/strong><\/h2>\n\n\n\n<p class=\"has-text-align-center\">No te preocupes \u2014 <strong>Farmacia La Botica<\/strong> est\u00e1 lista para ayudarte con tus recetas, resurtidos y todo tu cuidado farmac\u00e9utico.<\/p>\n\n\n\n<style>\n  .image-aside-flex {\n    display: flex;\n    align-items: center;\n    gap: 16px;\n    margin-bottom: 2rem;\n    flex-direction: row;\n    margin-left: auto;\n    margin-right: auto;\n   justify-content: center;\n  }\n  @media (max-width: 768px) {\n    .image-aside-flex {\n      flex-direction: column;\n      justify-content: center;\n    }\n    .image-aside-flex aside {\n      margin-top: 16px;\n      max-width: 100%;\n    }\n  }\n<\/style>\n\n<div class=\"image-aside-flex\">\n  <figure class=\"wp-block-image size-full is-resized\" style=\"margin:0;\">\n    <img loading=\"lazy\" decoding=\"async\" width=\"1024\" height=\"1024\" src=\"https:\/\/laboticapharmacy.net\/wp-content\/uploads\/2025\/06\/eriknewland_pharmacists_helping_latino_couple_-chaos_15_-v__fe5a884a-0d09-441b-a3d1-6c58bf97ee0a_1-1.png\" alt=\"\" class=\"wp-image-1466\" style=\"width:323px;height:auto;max-width:100%;\" srcset=\"https:\/\/laboticapharmacy.net\/wp-content\/uploads\/2025\/06\/eriknewland_pharmacists_helping_latino_couple_-chaos_15_-v__fe5a884a-0d09-441b-a3d1-6c58bf97ee0a_1-1.png 1024w, https:\/\/laboticapharmacy.net\/wp-content\/uploads\/2025\/06\/eriknewland_pharmacists_helping_latino_couple_-chaos_15_-v__fe5a884a-0d09-441b-a3d1-6c58bf97ee0a_1-1-300x300.png 300w, https:\/\/laboticapharmacy.net\/wp-content\/uploads\/2025\/06\/eriknewland_pharmacists_helping_latino_couple_-chaos_15_-v__fe5a884a-0d09-441b-a3d1-6c58bf97ee0a_1-1-150x150.png 150w, https:\/\/laboticapharmacy.net\/wp-content\/uploads\/2025\/06\/eriknewland_pharmacists_helping_latino_couple_-chaos_15_-v__fe5a884a-0d09-441b-a3d1-6c58bf97ee0a_1-1-768x768.png 768w, https:\/\/laboticapharmacy.net\/wp-content\/uploads\/2025\/06\/eriknewland_pharmacists_helping_latino_couple_-chaos_15_-v__fe5a884a-0d09-441b-a3d1-6c58bf97ee0a_1-1-12x12.png 12w, https:\/\/laboticapharmacy.net\/wp-content\/uploads\/2025\/06\/eriknewland_pharmacists_helping_latino_couple_-chaos_15_-v__fe5a884a-0d09-441b-a3d1-6c58bf97ee0a_1-1-600x600.png 600w, https:\/\/laboticapharmacy.net\/wp-content\/uploads\/2025\/06\/eriknewland_pharmacists_helping_latino_couple_-chaos_15_-v__fe5a884a-0d09-441b-a3d1-6c58bf97ee0a_1-1-100x100.png 100w\" sizes=\"auto, (max-width: 1024px) 100vw, 1024px\" \/>\n  <\/figure>\n  <aside style=\"    max-width: 300px;    font-style: italic;    background: #f8f8f8;    padding: 16px;    border-radius: 8px;    text-align: center;    font-size: 1.5rem;    width: 100%;    margin: 0;  \">\n    Somos tu alternativa local, confiable y conveniente.<br>\n    \u00a1Y transferir tus recetas es m\u00e1s f\u00e1cil de lo que imaginas!\n  <\/aside>\n<\/div>\n\n\n\n<h2 class=\"wp-block-heading has-text-align-center\"><strong>\u00bfPor qu\u00e9 cambiarte a La Botica?<\/strong><\/h2>\n\n\n\n<div class=\"wp-block-group\"><div class=\"wp-block-group__inner-container is-layout-constrained wp-block-group-is-layout-constrained\">\n<p class=\"has-text-align-center\"> <span style=\"text-decoration: underline;\">Transferencia de recetas sin complicaciones<\/span><\/p>\n\n\n\n<p class=\"has-text-align-center\"><span style=\"text-decoration: underline;\">Entrega a domicilio disponible<\/span><\/p>\n\n\n\n<p class=\"has-text-align-center\"><span style=\"text-decoration: underline;\">Atenci\u00f3n personalizada en espa\u00f1ol e ingl\u00e9s<\/span><\/p>\n\n\n\n<p class=\"has-text-align-center\"><span style=\"text-decoration: underline;\">Empaque DISPILL para organizar tus medicamentos<\/span><\/p>\n\n\n\n<p class=\"has-text-align-center\"><span style=\"text-decoration: underline;\"> Servicios cl\u00ednicos: diabetes, control de peso, cesaci\u00f3n del tabaco y m\u00e1s<\/span><\/p>\n<\/div><\/div>\n\n\n\n<h2 class=\"wp-block-heading has-text-align-center\"><strong>Haz el cambio hoy mismo<\/strong><\/h2>\n\n\n\n<p class=\"has-text-align-center\">Haz clic en el bot\u00f3n y comienza a transferir tus recetas.<br>\u00a1Nuestro equipo se encargar\u00e1 del resto!<\/p>\n\n\n\n<p class=\"has-text-align-center\"><strong>Transfiere tus recetas ahora<\/strong><\/p>\n\n\n\n<p><\/p>","protected":false},"excerpt":{"rendered":"<p>\u00bfTu farmacia Rite Aid cerr\u00f3 en Coachella o Indio? No te preocupes \u2014 La Botica Pharmacy est\u00e1 lista para ayudarte<\/p>","protected":false},"author":1,"featured_media":0,"parent":0,"menu_order":0,"comment_status":"closed","ping_status":"closed","template":"","meta":{"footnotes":""},"class_list":["post-1464","page","type-page","status-publish","hentry"],"yoast_head":"<!-- This site is optimized with the Yoast SEO plugin v27.3 - https:\/\/yoast.com\/product\/yoast-seo-wordpress\/ -->\n<title>La Botica Pharmacy est\u00e1 aqu\u00ed para ti - La Botica Pharmacy<\/title>\n<meta name=\"description\" content=\"Rite Aid cerr\u00f3 en tu \u00e1rea pero La Botica Pharmacy est\u00e1 aqu\u00ed para ti\" \/>\n<meta name=\"robots\" content=\"index, follow, max-snippet:-1, max-image-preview:large, max-video-preview:-1\" \/>\n<link rel=\"canonical\" href=\"https:\/\/laboticapharmacy.net\/es\/rite-aid-cerro-en-tu-area-pero-la-botica-pharmacy-esta-aqui-para-ti\/\" \/>\n<meta property=\"og:locale\" content=\"es_ES\" \/>\n<meta property=\"og:type\" content=\"article\" \/>\n<meta property=\"og:title\" content=\"La Botica Pharmacy est\u00e1 aqu\u00ed para ti - La Botica Pharmacy\" \/>\n<meta property=\"og:description\" content=\"Rite Aid cerr\u00f3 en tu \u00e1rea pero La Botica Pharmacy est\u00e1 aqu\u00ed para ti\" \/>\n<meta property=\"og:url\" content=\"https:\/\/laboticapharmacy.net\/es\/rite-aid-cerro-en-tu-area-pero-la-botica-pharmacy-esta-aqui-para-ti\/\" \/>\n<meta property=\"og:site_name\" content=\"La Botica Pharmacy\" \/>\n<meta property=\"article:modified_time\" content=\"2025-07-07T17:19:17+00:00\" \/>\n<meta property=\"og:image\" content=\"https:\/\/laboticapharmacy.net\/wp-content\/uploads\/2025\/06\/eriknewland_pharmacists_helping_latino_couple_-chaos_15_-v__fe5a884a-0d09-441b-a3d1-6c58bf97ee0a_1-1.png\" \/>\n\t<meta property=\"og:image:width\" content=\"1024\" \/>\n\t<meta property=\"og:image:height\" content=\"1024\" \/>\n\t<meta property=\"og:image:type\" content=\"image\/png\" \/>\n<meta name=\"twitter:card\" content=\"summary_large_image\" \/>\n<meta name=\"twitter:label1\" content=\"Tiempo de lectura\" \/>\n\t<meta name=\"twitter:data1\" content=\"1 minuto\" \/>\n<script type=\"application\/ld+json\" class=\"yoast-schema-graph\">{\"@context\":\"https:\\\/\\\/schema.org\",\"@graph\":[{\"@type\":\"WebPage\",\"@id\":\"https:\\\/\\\/laboticapharmacy.net\\\/rite-aid-cerro-en-tu-area-pero-la-botica-pharmacy-esta-aqui-para-ti\\\/\",\"url\":\"https:\\\/\\\/laboticapharmacy.net\\\/rite-aid-cerro-en-tu-area-pero-la-botica-pharmacy-esta-aqui-para-ti\\\/\",\"name\":\"La Botica Pharmacy est\u00e1 aqu\u00ed para ti - La Botica Pharmacy\",\"isPartOf\":{\"@id\":\"https:\\\/\\\/laboticapharmacy.net\\\/en\\\/#website\"},\"primaryImageOfPage\":{\"@id\":\"https:\\\/\\\/laboticapharmacy.net\\\/rite-aid-cerro-en-tu-area-pero-la-botica-pharmacy-esta-aqui-para-ti\\\/#primaryimage\"},\"image\":{\"@id\":\"https:\\\/\\\/laboticapharmacy.net\\\/rite-aid-cerro-en-tu-area-pero-la-botica-pharmacy-esta-aqui-para-ti\\\/#primaryimage\"},\"thumbnailUrl\":\"https:\\\/\\\/laboticapharmacy.net\\\/wp-content\\\/uploads\\\/2025\\\/06\\\/eriknewland_pharmacists_helping_latino_couple_-chaos_15_-v__fe5a884a-0d09-441b-a3d1-6c58bf97ee0a_1-1.png\",\"datePublished\":\"2025-07-07T17:19:16+00:00\",\"dateModified\":\"2025-07-07T17:19:17+00:00\",\"description\":\"Rite Aid cerr\u00f3 en tu \u00e1rea pero La Botica Pharmacy est\u00e1 aqu\u00ed para ti\",\"breadcrumb\":{\"@id\":\"https:\\\/\\\/laboticapharmacy.net\\\/rite-aid-cerro-en-tu-area-pero-la-botica-pharmacy-esta-aqui-para-ti\\\/#breadcrumb\"},\"inLanguage\":\"es\",\"potentialAction\":[{\"@type\":\"ReadAction\",\"target\":[\"https:\\\/\\\/laboticapharmacy.net\\\/rite-aid-cerro-en-tu-area-pero-la-botica-pharmacy-esta-aqui-para-ti\\\/\"]}]},{\"@type\":\"ImageObject\",\"inLanguage\":\"es\",\"@id\":\"https:\\\/\\\/laboticapharmacy.net\\\/rite-aid-cerro-en-tu-area-pero-la-botica-pharmacy-esta-aqui-para-ti\\\/#primaryimage\",\"url\":\"https:\\\/\\\/laboticapharmacy.net\\\/wp-content\\\/uploads\\\/2025\\\/06\\\/eriknewland_pharmacists_helping_latino_couple_-chaos_15_-v__fe5a884a-0d09-441b-a3d1-6c58bf97ee0a_1-1.png\",\"contentUrl\":\"https:\\\/\\\/laboticapharmacy.net\\\/wp-content\\\/uploads\\\/2025\\\/06\\\/eriknewland_pharmacists_helping_latino_couple_-chaos_15_-v__fe5a884a-0d09-441b-a3d1-6c58bf97ee0a_1-1.png\"},{\"@type\":\"BreadcrumbList\",\"@id\":\"https:\\\/\\\/laboticapharmacy.net\\\/rite-aid-cerro-en-tu-area-pero-la-botica-pharmacy-esta-aqui-para-ti\\\/#breadcrumb\",\"itemListElement\":[{\"@type\":\"ListItem\",\"position\":1,\"name\":\"Home\",\"item\":\"https:\\\/\\\/laboticapharmacy.net\\\/\"},{\"@type\":\"ListItem\",\"position\":2,\"name\":\"Rite Aid cerr\u00f3 en tu \u00e1rea pero La Botica Pharmacy est\u00e1 aqu\u00ed para ti\"}]},{\"@type\":\"WebSite\",\"@id\":\"https:\\\/\\\/laboticapharmacy.net\\\/en\\\/#website\",\"url\":\"https:\\\/\\\/laboticapharmacy.net\\\/en\\\/\",\"name\":\"La Botica Pharmacy\",\"description\":\"Pharmacy in Coachella\",\"potentialAction\":[{\"@type\":\"SearchAction\",\"target\":{\"@type\":\"EntryPoint\",\"urlTemplate\":\"https:\\\/\\\/laboticapharmacy.net\\\/en\\\/?s={search_term_string}\"},\"query-input\":{\"@type\":\"PropertyValueSpecification\",\"valueRequired\":true,\"valueName\":\"search_term_string\"}}],\"inLanguage\":\"es\"}]}<\/script>\n<!-- \/ Yoast SEO plugin. -->","yoast_head_json":{"title":"La Botica Pharmacy est\u00e1 aqu\u00ed para ti - La Botica Pharmacy","description":"Rite Aid cerr\u00f3 en tu \u00e1rea pero La Botica Pharmacy est\u00e1 aqu\u00ed para ti","robots":{"index":"index","follow":"follow","max-snippet":"max-snippet:-1","max-image-preview":"max-image-preview:large","max-video-preview":"max-video-preview:-1"},"canonical":"https:\/\/laboticapharmacy.net\/es\/rite-aid-cerro-en-tu-area-pero-la-botica-pharmacy-esta-aqui-para-ti\/","og_locale":"es_ES","og_type":"article","og_title":"La Botica Pharmacy est\u00e1 aqu\u00ed para ti - La Botica Pharmacy","og_description":"Rite Aid cerr\u00f3 en tu \u00e1rea pero La Botica Pharmacy est\u00e1 aqu\u00ed para ti","og_url":"https:\/\/laboticapharmacy.net\/es\/rite-aid-cerro-en-tu-area-pero-la-botica-pharmacy-esta-aqui-para-ti\/","og_site_name":"La Botica Pharmacy","article_modified_time":"2025-07-07T17:19:17+00:00","og_image":[{"width":1024,"height":1024,"url":"https:\/\/laboticapharmacy.net\/wp-content\/uploads\/2025\/06\/eriknewland_pharmacists_helping_latino_couple_-chaos_15_-v__fe5a884a-0d09-441b-a3d1-6c58bf97ee0a_1-1.png","type":"image\/png"}],"twitter_card":"summary_large_image","twitter_misc":{"Tiempo de lectura":"1 minuto"},"schema":{"@context":"https:\/\/schema.org","@graph":[{"@type":"WebPage","@id":"https:\/\/laboticapharmacy.net\/rite-aid-cerro-en-tu-area-pero-la-botica-pharmacy-esta-aqui-para-ti\/","url":"https:\/\/laboticapharmacy.net\/rite-aid-cerro-en-tu-area-pero-la-botica-pharmacy-esta-aqui-para-ti\/","name":"La Botica Pharmacy est\u00e1 aqu\u00ed para ti - La Botica Pharmacy","isPartOf":{"@id":"https:\/\/laboticapharmacy.net\/en\/#website"},"primaryImageOfPage":{"@id":"https:\/\/laboticapharmacy.net\/rite-aid-cerro-en-tu-area-pero-la-botica-pharmacy-esta-aqui-para-ti\/#primaryimage"},"image":{"@id":"https:\/\/laboticapharmacy.net\/rite-aid-cerro-en-tu-area-pero-la-botica-pharmacy-esta-aqui-para-ti\/#primaryimage"},"thumbnailUrl":"https:\/\/laboticapharmacy.net\/wp-content\/uploads\/2025\/06\/eriknewland_pharmacists_helping_latino_couple_-chaos_15_-v__fe5a884a-0d09-441b-a3d1-6c58bf97ee0a_1-1.png","datePublished":"2025-07-07T17:19:16+00:00","dateModified":"2025-07-07T17:19:17+00:00","description":"Rite Aid cerr\u00f3 en tu \u00e1rea pero La Botica Pharmacy est\u00e1 aqu\u00ed para ti","breadcrumb":{"@id":"https:\/\/laboticapharmacy.net\/rite-aid-cerro-en-tu-area-pero-la-botica-pharmacy-esta-aqui-para-ti\/#breadcrumb"},"inLanguage":"es","potentialAction":[{"@type":"ReadAction","target":["https:\/\/laboticapharmacy.net\/rite-aid-cerro-en-tu-area-pero-la-botica-pharmacy-esta-aqui-para-ti\/"]}]},{"@type":"ImageObject","inLanguage":"es","@id":"https:\/\/laboticapharmacy.net\/rite-aid-cerro-en-tu-area-pero-la-botica-pharmacy-esta-aqui-para-ti\/#primaryimage","url":"https:\/\/laboticapharmacy.net\/wp-content\/uploads\/2025\/06\/eriknewland_pharmacists_helping_latino_couple_-chaos_15_-v__fe5a884a-0d09-441b-a3d1-6c58bf97ee0a_1-1.png","contentUrl":"https:\/\/laboticapharmacy.net\/wp-content\/uploads\/2025\/06\/eriknewland_pharmacists_helping_latino_couple_-chaos_15_-v__fe5a884a-0d09-441b-a3d1-6c58bf97ee0a_1-1.png"},{"@type":"BreadcrumbList","@id":"https:\/\/laboticapharmacy.net\/rite-aid-cerro-en-tu-area-pero-la-botica-pharmacy-esta-aqui-para-ti\/#breadcrumb","itemListElement":[{"@type":"ListItem","position":1,"name":"Home","item":"https:\/\/laboticapharmacy.net\/"},{"@type":"ListItem","position":2,"name":"Rite Aid cerr\u00f3 en tu \u00e1rea pero La Botica Pharmacy est\u00e1 aqu\u00ed para ti"}]},{"@type":"WebSite","@id":"https:\/\/laboticapharmacy.net\/en\/#website","url":"https:\/\/laboticapharmacy.net\/en\/","name":"Farmacia La Botica","description":"Pharmacy in Coachella","potentialAction":[{"@type":"SearchAction","target":{"@type":"EntryPoint","urlTemplate":"https:\/\/laboticapharmacy.net\/en\/?s={search_term_string}"},"query-input":{"@type":"PropertyValueSpecification","valueRequired":true,"valueName":"search_term_string"}}],"inLanguage":"es"}]}},"_links":{"self":[{"href":"https:\/\/laboticapharmacy.net\/es\/wp-json\/wp\/v2\/pages\/1464","targetHints":{"allow":["GET"]}}],"collection":[{"href":"https:\/\/laboticapharmacy.net\/es\/wp-json\/wp\/v2\/pages"}],"about":[{"href":"https:\/\/laboticapharmacy.net\/es\/wp-json\/wp\/v2\/types\/page"}],"author":[{"embeddable":true,"href":"https:\/\/laboticapharmacy.net\/es\/wp-json\/wp\/v2\/users\/1"}],"replies":[{"embeddable":true,"href":"https:\/\/laboticapharmacy.net\/es\/wp-json\/wp\/v2\/comments?post=1464"}],"version-history":[{"count":9,"href":"https:\/\/laboticapharmacy.net\/es\/wp-json\/wp\/v2\/pages\/1464\/revisions"}],"predecessor-version":[{"id":1478,"href":"https:\/\/laboticapharmacy.net\/es\/wp-json\/wp\/v2\/pages\/1464\/revisions\/1478"}],"wp:attachment":[{"href":"https:\/\/laboticapharmacy.net\/es\/wp-json\/wp\/v2\/media?parent=1464"}],"curies":[{"name":"wp","href":"https:\/\/api.w.org\/{rel}","templated":true}]}}