{"id":587,"date":"2019-11-11T10:54:16","date_gmt":"2019-11-11T10:54:16","guid":{"rendered":"https:\/\/insigniathemes.in\/inotura\/pharmacy\/?page_id=587"},"modified":"2020-09-16T10:30:40","modified_gmt":"2020-09-16T10:30:40","slug":"contact","status":"publish","type":"page","link":"https:\/\/laboticapharmacy.net\/es\/contact\/","title":{"rendered":"Contacto"},"content":{"rendered":"<div class=\"vc_row wpb_row vc_row-fluid overflow-visible z-index-1111 position-relative vc_custom_1573214681749 vc_row-has-fill\"><div class=\"wpb_column vc_column_container vc_col-sm-12 vc_col-xs-12\"><div class=\"vc_column-inner\"><div class=\"wpb_wrapper\"><div id='ins-heading-69d84ccc14ece' class='section-heading ins-heading text-center enable-border   ins-animated fadeIn' data-animation-delay=\"200\" style='margin-top:0; margin-bottom:16px'><h6 class='section-heading-subtitle pc margin-10px-bottom letter-spacing-2 font-weight-600'>Contactanos<\/h6><h2 class='section-heading-title  default no-letter-spacing'>Mandanos un mensaje<\/h2><\/div><script type=\"text\/javascript\">\n\t\t(function(jQuery) {jQuery(\"head\").append(\"<style>#ins-heading-69d84ccc14ece .section-heading-subtitle {font-size: 14px; line-height: 26px;}#ins-heading-69d84ccc14ece .section-heading-subtitle {color: #34c9b6;}<\/style>\")\n\t\t\t\t\t})(jQuery);\n\t\t\t\t\t\t<\/script>\n\t<div class=\"wpb_text_column wpb_content_element  wpb_animate_when_almost_visible wpb_fadeIn fadeIn vc_custom_1600008427231\" >\n\t\t<div class=\"wpb_wrapper\">\n\t\t\t<p style=\"text-align: center;\">Utilice este formulario solo para fines de informaci\u00f3n general. NO env\u00ede informaci\u00f3n m\u00e9dica personal a trav\u00e9s de este formulario. La atenci\u00f3n espec\u00edfica al paciente debe abordarse durante su cita.<\/p>\n\n\t\t<\/div>\n\t<\/div>\n<div class=\"vc_empty_space\"   style=\"height: 50px\"><span class=\"vc_empty_space_inner\"><\/span><\/div><\/div><\/div><\/div><\/div><div class=\"vc_row wpb_row vc_row-fluid\"><div class=\"wpb_column vc_column_container vc_col-sm-4\"><div class=\"vc_column-inner\"><div class=\"wpb_wrapper\"><div id='ins-icon-69d84ccc15af2' class='ins-float-icon-wrapper margin-20px-bottom ins-icon-box-align-left-basic singal-contact-page  ins-animated fadeInUp' data-animation-delay=\"200\"><div class='ins-float-icon-inner position-relative'><i class='link-icon iconsmind-Smartphone-3 pc-bg text-white'><\/i><\/div><div class='ins-float-icon-box-content'><h5 class='ins-float-icon-box-title margin-5px-bottom title-font default no-letter-spacing'>Ll\u00e1manos Ahora<\/h5><div class='ins-float-icon-box-text  default'><\/p>\n<p class=\"margin-5px-bottom\" style=\"font-size: 17px; line-height: 32px; font-weight: 600;\">(760) 296-3468<\/p>\n<p><\/div><\/div><\/div><script type=\"text\/javascript\">\n\t\t(function(jQuery) {\n\t\t\t\t\t})(jQuery);\n\t\t\t\t\t\t<\/script><\/div><\/div><\/div><div class=\"wpb_column vc_column_container vc_col-sm-4\"><div class=\"vc_column-inner\"><div class=\"wpb_wrapper\"><div id='ins-icon-69d84ccc15bcb' class='ins-float-icon-wrapper margin-20px-bottom ins-icon-box-align-left-basic singal-contact-page  ins-animated fadeInUp' data-animation-delay=\"400\"><div class='ins-float-icon-inner position-relative'><i class='link-icon iconsmind-Email pc-bg text-white'><\/i><\/div><div class='ins-float-icon-box-content'><h5 class='ins-float-icon-box-title margin-5px-bottom title-font default no-letter-spacing'>Env\u00ede por correo para cualquier ayuda<\/h5><div class='ins-float-icon-box-text  default'><\/p>\n<p class=\"margin-5px-bottom\" style=\"font-size: 17px; line-height: 32px; font-weight: 600;\">laboticarx@gmail.com<\/p>\n<p><\/div><\/div><\/div><script type=\"text\/javascript\">\n\t\t(function(jQuery) {\n\t\t\t\t\t})(jQuery);\n\t\t\t\t\t\t<\/script><\/div><\/div><\/div><div class=\"wpb_column vc_column_container vc_col-sm-4\"><div class=\"vc_column-inner\"><div class=\"wpb_wrapper\"><div id='ins-icon-69d84ccc15cb3' class='ins-float-icon-wrapper margin-20px-bottom ins-icon-box-align-left-basic singal-contact-page  ins-animated fadeInUp' data-animation-delay=\"600\"><div class='ins-float-icon-inner position-relative'><i class='link-icon iconsmind-Location-2 pc-bg text-white'><\/i><\/div><div class='ins-float-icon-box-content'><h5 class='ins-float-icon-box-title margin-5px-bottom title-font default no-letter-spacing'>Nuestra Ubicaci\u00f3n<\/h5><div class='ins-float-icon-box-text  default'><\/p>\n<p class=\"margin-5px-bottom\" style=\"font-size: 17px; line-height: 32px; font-weight: 600;\">49281 Grapefruit Blvd #2,<br \/>\nCoachella, CA 92236<\/p>\n<p>&nbsp;<\/div><\/div><\/div><script type=\"text\/javascript\">\n\t\t(function(jQuery) {\n\t\t\t\t\t})(jQuery);\n\t\t\t\t\t\t<\/script><\/div><\/div><\/div><\/div><div class=\"vc_row wpb_row vc_row-fluid\"><div class=\"wpb_column vc_column_container vc_col-sm-12\"><div class=\"vc_column-inner\"><div class=\"wpb_wrapper\"><div class=\"vc_empty_space\"   style=\"height: 90px\"><span class=\"vc_empty_space_inner\"><\/span><\/div><div class=\"vc_row wpb_row vc_inner vc_row-fluid vc_row-o-equal-height vc_row-flex\"><div class=\"wpb_column vc_column_container vc_col-sm-6\"><div class=\"vc_column-inner\"><div class=\"wpb_wrapper\"><div class=\"wpb_gmaps_widget wpb_content_element\"><div class=\"wpb_wrapper\"><div class=\"wpb_map_wraper\"><iframe loading=\"lazy\" src=\"https:\/\/www.google.com\/maps\/embed?pb=!1m14!1m8!1m3!1d3319.6422212224925!2d-116.1877786!3d33.6923272!3m2!1i1024!2i768!4f13.1!3m3!1m2!1s0x80da588e088ac6f7%3A0x2444af303f45852d!2sLa%20Botica%20Health%20Mart%20Pharmacy!5e0!3m2!1sen!2s!4v1600008731930!5m2!1sen!2s\" width=\"600\" height=\"450\" frameborder=\"0\" style=\"border:0;\" allowfullscreen=\"\" aria-hidden=\"false\" tabindex=\"0\"><\/iframe><\/div><\/div><\/div><\/div><\/div><\/div><div class=\"wpb_column vc_column_container vc_col-sm-6 vc_col-has-fill\"><div class=\"vc_column-inner vc_custom_1572889512589\"><div class=\"wpb_wrapper\">\n<div class=\"wpcf7 no-js\" id=\"wpcf7-f586-o1\" lang=\"en-US\" dir=\"ltr\" data-wpcf7-id=\"586\">\n<div class=\"screen-reader-response\"><p role=\"status\" aria-live=\"polite\" aria-atomic=\"true\"><\/p> <ul><\/ul><\/div>\n<form action=\"\/es\/wp-json\/wp\/v2\/pages\/587#wpcf7-f586-o1\" method=\"post\" class=\"wpcf7-form init\" aria-label=\"Contact form\" novalidate=\"novalidate\" data-status=\"init\" data-trp-original-action=\"\/es\/wp-json\/wp\/v2\/pages\/587#wpcf7-f586-o1\">\n<fieldset class=\"hidden-fields-container\"><input type=\"hidden\" name=\"_wpcf7\" value=\"586\" \/><input type=\"hidden\" name=\"_wpcf7_version\" value=\"6.1.5\" \/><input type=\"hidden\" name=\"_wpcf7_locale\" value=\"en_US\" \/><input type=\"hidden\" name=\"_wpcf7_unit_tag\" value=\"wpcf7-f586-o1\" \/><input type=\"hidden\" name=\"_wpcf7_container_post\" value=\"0\" \/><input type=\"hidden\" name=\"_wpcf7_posted_data_hash\" value=\"\" \/><input type=\"hidden\" name=\"_wpcf7_recaptcha_response\" value=\"\" \/>\n<\/fieldset>\n<div class=\"eye-care-appointment-form ins-contact-page\">\n\t<div class=\"row\">\n\t\t<div class=\"col-md-12 col-sm-12\">\n\t\t\t<p><span class=\"wpcf7-form-control-wrap\" data-name=\"y-name\"><input size=\"40\" maxlength=\"400\" class=\"wpcf7-form-control wpcf7-text wpcf7-validates-as-required ins-contact-form-input\" aria-required=\"true\" aria-invalid=\"false\" placeholder=\"Nombre *\" value=\"\" type=\"text\" name=\"y-name\" \/><\/span>\n\t\t\t<\/p>\n\t\t<\/div>\n\t\t<div class=\"col-md-12 col-sm-12\">\n\t\t\t<p><span class=\"wpcf7-form-control-wrap\" data-name=\"y-email\"><input size=\"40\" maxlength=\"400\" class=\"wpcf7-form-control wpcf7-email wpcf7-validates-as-required wpcf7-text wpcf7-validates-as-email ins-contact-form-input\" aria-required=\"true\" aria-invalid=\"false\" placeholder=\"Correo electr\u00f3nico *\" value=\"\" type=\"email\" name=\"y-email\" \/><\/span>\n\t\t\t<\/p>\n\t\t<\/div>\n\t\t<div class=\"col-md-12 col-sm-12\">\n\t\t\t<p><span class=\"wpcf7-form-control-wrap\" data-name=\"y-tel\"><input size=\"40\" maxlength=\"400\" class=\"wpcf7-form-control wpcf7-tel wpcf7-validates-as-required wpcf7-text wpcf7-validates-as-tel ins-contact-form-input\" aria-required=\"true\" aria-invalid=\"false\" placeholder=\"Tel\u00e9fono *\" value=\"\" type=\"tel\" name=\"y-tel\" \/><\/span>\n\t\t\t<\/p>\n\t\t<\/div>\n\t\t<div class=\"col-md-12 col-sm-12\">\n\t\t\t<p><span class=\"wpcf7-form-control-wrap\" data-name=\"textarea\"><textarea cols=\"40\" rows=\"3\" maxlength=\"2000\" class=\"wpcf7-form-control wpcf7-textarea wpcf7-validates-as-required ins-contact-form-input\" aria-required=\"true\" aria-invalid=\"false\" placeholder=\"Mensaje\" name=\"textarea\"><\/textarea><\/span>\n\t\t\t<\/p>\n\t\t<\/div>\n\t\t<div class=\"col-md-6 col-sm-12\">\n\t\t\t<p><input class=\"wpcf7-form-control wpcf7-submit has-spinner ins-contact-form-submit-btn pc-bg\" type=\"submit\" value=\"Enviar\" \/>\n\t\t\t<\/p>\n\t\t<\/div>\n\t<\/div>\n<\/div><input type='hidden' class='wpcf7-pum' value='{\"closepopup\":false,\"closedelay\":0,\"openpopup\":false,\"openpopup_id\":0}' \/><div class=\"wpcf7-response-output\" aria-hidden=\"true\"><\/div>\n<input type=\"hidden\" name=\"trp-form-language\" value=\"es\"\/><\/form>\n<\/div>\n<\/div><\/div><\/div><\/div><\/div><\/div><\/div><\/div>","protected":false},"excerpt":{"rendered":"Contact usGet in touch Please use this form for general information purposes only. DO NOT send personal health information through","protected":false},"author":1,"featured_media":0,"parent":0,"menu_order":0,"comment_status":"closed","ping_status":"closed","template":"","meta":{"footnotes":""},"class_list":["post-587","page","type-page","status-publish","hentry"],"yoast_head":"<!-- This site is optimized with the Yoast SEO plugin v27.3 - https:\/\/yoast.com\/product\/yoast-seo-wordpress\/ -->\n<title>Contact - La Botica Pharmacy<\/title>\n<meta name=\"robots\" content=\"index, follow, max-snippet:-1, max-image-preview:large, max-video-preview:-1\" \/>\n<link rel=\"canonical\" href=\"https:\/\/laboticapharmacy.net\/es\/contact\/\" \/>\n<meta property=\"og:locale\" content=\"es_ES\" \/>\n<meta property=\"og:type\" content=\"article\" \/>\n<meta property=\"og:title\" content=\"Contact - La Botica Pharmacy\" \/>\n<meta property=\"og:url\" content=\"https:\/\/laboticapharmacy.net\/es\/contact\/\" \/>\n<meta property=\"og:site_name\" content=\"La Botica Pharmacy\" \/>\n<meta property=\"article:modified_time\" content=\"2020-09-16T10:30:40+00:00\" \/>\n<meta name=\"twitter:card\" content=\"summary_large_image\" \/>\n<meta name=\"twitter:label1\" content=\"Tiempo de lectura\" \/>\n\t<meta name=\"twitter:data1\" content=\"2 minutos\" \/>\n<script type=\"application\/ld+json\" class=\"yoast-schema-graph\">{\"@context\":\"https:\\\/\\\/schema.org\",\"@graph\":[{\"@type\":\"WebPage\",\"@id\":\"https:\\\/\\\/laboticapharmacy.net\\\/en\\\/contact\\\/\",\"url\":\"https:\\\/\\\/laboticapharmacy.net\\\/en\\\/contact\\\/\",\"name\":\"Contact - La Botica Pharmacy\",\"isPartOf\":{\"@id\":\"https:\\\/\\\/laboticapharmacy.net\\\/en\\\/#website\"},\"datePublished\":\"2019-11-11T10:54:16+00:00\",\"dateModified\":\"2020-09-16T10:30:40+00:00\",\"breadcrumb\":{\"@id\":\"https:\\\/\\\/laboticapharmacy.net\\\/en\\\/contact\\\/#breadcrumb\"},\"inLanguage\":\"es\",\"potentialAction\":[{\"@type\":\"ReadAction\",\"target\":[\"https:\\\/\\\/laboticapharmacy.net\\\/en\\\/contact\\\/\"]}]},{\"@type\":\"BreadcrumbList\",\"@id\":\"https:\\\/\\\/laboticapharmacy.net\\\/en\\\/contact\\\/#breadcrumb\",\"itemListElement\":[{\"@type\":\"ListItem\",\"position\":1,\"name\":\"Home\",\"item\":\"https:\\\/\\\/laboticapharmacy.net\\\/\"},{\"@type\":\"ListItem\",\"position\":2,\"name\":\"Contact\"}]},{\"@type\":\"WebSite\",\"@id\":\"https:\\\/\\\/laboticapharmacy.net\\\/en\\\/#website\",\"url\":\"https:\\\/\\\/laboticapharmacy.net\\\/en\\\/\",\"name\":\"La Botica Pharmacy\",\"description\":\"Pharmacy in Coachella\",\"potentialAction\":[{\"@type\":\"SearchAction\",\"target\":{\"@type\":\"EntryPoint\",\"urlTemplate\":\"https:\\\/\\\/laboticapharmacy.net\\\/en\\\/?s={search_term_string}\"},\"query-input\":{\"@type\":\"PropertyValueSpecification\",\"valueRequired\":true,\"valueName\":\"search_term_string\"}}],\"inLanguage\":\"es\"}]}<\/script>\n<!-- \/ Yoast SEO plugin. -->","yoast_head_json":{"title":"Contact - La Botica Pharmacy","robots":{"index":"index","follow":"follow","max-snippet":"max-snippet:-1","max-image-preview":"max-image-preview:large","max-video-preview":"max-video-preview:-1"},"canonical":"https:\/\/laboticapharmacy.net\/es\/contact\/","og_locale":"es_ES","og_type":"article","og_title":"Contact - La Botica Pharmacy","og_url":"https:\/\/laboticapharmacy.net\/es\/contact\/","og_site_name":"La Botica Pharmacy","article_modified_time":"2020-09-16T10:30:40+00:00","twitter_card":"summary_large_image","twitter_misc":{"Tiempo de lectura":"2 minutos"},"schema":{"@context":"https:\/\/schema.org","@graph":[{"@type":"WebPage","@id":"https:\/\/laboticapharmacy.net\/en\/contact\/","url":"https:\/\/laboticapharmacy.net\/en\/contact\/","name":"Contact - La Botica Pharmacy","isPartOf":{"@id":"https:\/\/laboticapharmacy.net\/en\/#website"},"datePublished":"2019-11-11T10:54:16+00:00","dateModified":"2020-09-16T10:30:40+00:00","breadcrumb":{"@id":"https:\/\/laboticapharmacy.net\/en\/contact\/#breadcrumb"},"inLanguage":"es","potentialAction":[{"@type":"ReadAction","target":["https:\/\/laboticapharmacy.net\/en\/contact\/"]}]},{"@type":"BreadcrumbList","@id":"https:\/\/laboticapharmacy.net\/en\/contact\/#breadcrumb","itemListElement":[{"@type":"ListItem","position":1,"name":"Home","item":"https:\/\/laboticapharmacy.net\/"},{"@type":"ListItem","position":2,"name":"Contact"}]},{"@type":"WebSite","@id":"https:\/\/laboticapharmacy.net\/en\/#website","url":"https:\/\/laboticapharmacy.net\/en\/","name":"Farmacia La Botica","description":"Pharmacy in Coachella","potentialAction":[{"@type":"SearchAction","target":{"@type":"EntryPoint","urlTemplate":"https:\/\/laboticapharmacy.net\/en\/?s={search_term_string}"},"query-input":{"@type":"PropertyValueSpecification","valueRequired":true,"valueName":"search_term_string"}}],"inLanguage":"es"}]}},"_links":{"self":[{"href":"https:\/\/laboticapharmacy.net\/es\/wp-json\/wp\/v2\/pages\/587","targetHints":{"allow":["GET"]}}],"collection":[{"href":"https:\/\/laboticapharmacy.net\/es\/wp-json\/wp\/v2\/pages"}],"about":[{"href":"https:\/\/laboticapharmacy.net\/es\/wp-json\/wp\/v2\/types\/page"}],"author":[{"embeddable":true,"href":"https:\/\/laboticapharmacy.net\/es\/wp-json\/wp\/v2\/users\/1"}],"replies":[{"embeddable":true,"href":"https:\/\/laboticapharmacy.net\/es\/wp-json\/wp\/v2\/comments?post=587"}],"version-history":[{"count":4,"href":"https:\/\/laboticapharmacy.net\/es\/wp-json\/wp\/v2\/pages\/587\/revisions"}],"predecessor-version":[{"id":1329,"href":"https:\/\/laboticapharmacy.net\/es\/wp-json\/wp\/v2\/pages\/587\/revisions\/1329"}],"wp:attachment":[{"href":"https:\/\/laboticapharmacy.net\/es\/wp-json\/wp\/v2\/media?parent=587"}],"curies":[{"name":"wp","href":"https:\/\/api.w.org\/{rel}","templated":true}]}}